{"id":386,"date":"2021-04-16T17:51:34","date_gmt":"2021-04-16T15:51:34","guid":{"rendered":"https:\/\/aftermarket-consulting.com\/ueber\/"},"modified":"2021-04-16T17:52:05","modified_gmt":"2021-04-16T15:52:05","slug":"ueber","status":"publish","type":"page","link":"https:\/\/aftermarket-consulting.com\/de\/ueber\/","title":{"rendered":"\u00dcber"},"content":{"rendered":"\t\t<div data-elementor-type=\"wp-page\" data-elementor-id=\"386\" class=\"elementor elementor-386 elementor-109\" data-elementor-post-type=\"page\">\n\t\t\t\t\t\t<section class=\"elementor-section elementor-top-section elementor-element elementor-element-8fa04d6 elementor-section-full_width elementor-section-height-default elementor-section-height-default\" data-id=\"8fa04d6\" data-element_type=\"section\" data-e-type=\"section\">\n\t\t\t\t\t\t<div class=\"elementor-container elementor-column-gap-no\">\n\t\t\t\t\t<div class=\"elementor-column elementor-col-100 elementor-top-column elementor-element elementor-element-fdf0b74\" data-id=\"fdf0b74\" data-element_type=\"column\" data-e-type=\"column\">\n\t\t\t<div class=\"elementor-widget-wrap elementor-element-populated\">\n\t\t\t\t\t\t<div class=\"elementor-element elementor-element-52c75a7 elementor--h-position-center elementor--v-position-middle elementor-arrows-position-inside elementor-pagination-position-inside elementor-widget elementor-widget-slides\" data-id=\"52c75a7\" data-element_type=\"widget\" data-e-type=\"widget\" data-settings=\"{&quot;navigation&quot;:&quot;both&quot;,&quot;autoplay&quot;:&quot;yes&quot;,&quot;pause_on_hover&quot;:&quot;yes&quot;,&quot;pause_on_interaction&quot;:&quot;yes&quot;,&quot;autoplay_speed&quot;:5000,&quot;infinite&quot;:&quot;yes&quot;,&quot;transition&quot;:&quot;slide&quot;,&quot;transition_speed&quot;:500}\" data-widget_type=\"slides.default\">\n\t\t\t\t<div class=\"elementor-widget-container\">\n\t\t\t\t\t\t\t\t\t<div class=\"elementor-swiper\">\n\t\t\t\t\t<div class=\"elementor-slides-wrapper elementor-main-swiper swiper\" role=\"region\" aria-roledescription=\"carousel\" aria-label=\"Slider\" dir=\"ltr\" data-animation=\"fadeInUp\">\n\t\t\t\t<div class=\"swiper-wrapper elementor-slides\">\n\t\t\t\t\t\t\t\t\t\t<div class=\"elementor-repeater-item-6273bd7 swiper-slide\" role=\"group\" aria-roledescription=\"slide\"><div class=\"swiper-slide-bg elementor-ken-burns elementor-ken-burns--in\" role=\"img\" aria-label=\"Aftermarket-Consulting Service Contract\"><\/div><div class=\"elementor-background-overlay\"><\/div><div class=\"swiper-slide-inner\" ><div class=\"swiper-slide-contents\"><div class=\"elementor-slide-heading\">Kevin David - Aftermarket Consulting<\/div><div class=\"elementor-slide-description\"><p>Unterst\u00fctzung und Beratung von Unternehmen beim Aufbau, der Entwicklung und dem Ausbau ihres Aftermarket- und Servicegesch\u00e4fts<\/p>\n<\/div><\/div><\/div><\/div>\t\t\t\t<\/div>\n\t\t\t\t\t\t\t<\/div>\n\t\t\t\t<\/div>\n\t\t\t\t\t\t\t\t<\/div>\n\t\t\t\t<\/div>\n\t\t\t\t<div class=\"elementor-element elementor-element-f899674 elementor-widget elementor-widget-spacer\" data-id=\"f899674\" data-element_type=\"widget\" data-e-type=\"widget\" data-widget_type=\"spacer.default\">\n\t\t\t\t<div class=\"elementor-widget-container\">\n\t\t\t\t\t\t\t<div class=\"elementor-spacer\">\n\t\t\t<div class=\"elementor-spacer-inner\"><\/div>\n\t\t<\/div>\n\t\t\t\t\t\t<\/div>\n\t\t\t\t<\/div>\n\t\t\t\t\t<\/div>\n\t\t<\/div>\n\t\t\t\t\t<\/div>\n\t\t<\/section>\n\t\t\t\t<section class=\"elementor-section elementor-top-section elementor-element elementor-element-05eb426 elementor-section-boxed elementor-section-height-default elementor-section-height-default\" data-id=\"05eb426\" data-element_type=\"section\" data-e-type=\"section\">\n\t\t\t\t\t\t<div class=\"elementor-container elementor-column-gap-default\">\n\t\t\t\t\t<div class=\"elementor-column elementor-col-33 elementor-top-column elementor-element elementor-element-fa58bf8\" data-id=\"fa58bf8\" data-element_type=\"column\" data-e-type=\"column\">\n\t\t\t<div class=\"elementor-widget-wrap elementor-element-populated\">\n\t\t\t\t\t\t<div class=\"elementor-element elementor-element-6ea9f2c elementor-widget elementor-widget-heading\" data-id=\"6ea9f2c\" data-element_type=\"widget\" data-e-type=\"widget\" data-widget_type=\"heading.default\">\n\t\t\t\t<div class=\"elementor-widget-container\">\n\t\t\t\t\t<h2 class=\"elementor-heading-title elementor-size-default\">Produkt Management<\/h2>\t\t\t\t<\/div>\n\t\t\t\t<\/div>\n\t\t\t\t<div class=\"elementor-element elementor-element-13fcde4 elementor-widget elementor-widget-spacer\" data-id=\"13fcde4\" data-element_type=\"widget\" data-e-type=\"widget\" data-widget_type=\"spacer.default\">\n\t\t\t\t<div class=\"elementor-widget-container\">\n\t\t\t\t\t\t\t<div class=\"elementor-spacer\">\n\t\t\t<div class=\"elementor-spacer-inner\"><\/div>\n\t\t<\/div>\n\t\t\t\t\t\t<\/div>\n\t\t\t\t<\/div>\n\t\t\t\t<div class=\"elementor-element elementor-element-e0cb269 elementor-widget elementor-widget-text-editor\" data-id=\"e0cb269\" data-element_type=\"widget\" data-e-type=\"widget\" data-widget_type=\"text-editor.default\">\n\t\t\t\t<div class=\"elementor-widget-container\">\n\t\t\t\t\t\t\t\t\t<ul>\n<li>Standardisierung von Serviceprodukten<\/li>\n<li>Entwicklung neuer Serviceprodukte<\/li>\n<li>Standardisierung von Servicevertr\u00e4gen<\/li>\n<li>Gesch\u00e4ftsentwicklung und Strategie<\/li>\n<\/ul>\n\t\t\t\t\t\t\t\t<\/div>\n\t\t\t\t<\/div>\n\t\t\t\t\t<\/div>\n\t\t<\/div>\n\t\t\t\t<div class=\"elementor-column elementor-col-33 elementor-top-column elementor-element elementor-element-cd5ba6c\" data-id=\"cd5ba6c\" data-element_type=\"column\" data-e-type=\"column\">\n\t\t\t<div class=\"elementor-widget-wrap elementor-element-populated\">\n\t\t\t\t\t\t<div class=\"elementor-element elementor-element-d0c1d61 elementor-widget elementor-widget-heading\" data-id=\"d0c1d61\" data-element_type=\"widget\" data-e-type=\"widget\" data-widget_type=\"heading.default\">\n\t\t\t\t<div class=\"elementor-widget-container\">\n\t\t\t\t\t<h2 class=\"elementor-heading-title elementor-size-default\">Prozessmanagement<\/h2>\t\t\t\t<\/div>\n\t\t\t\t<\/div>\n\t\t\t\t<div class=\"elementor-element elementor-element-daebe7d elementor-widget elementor-widget-spacer\" data-id=\"daebe7d\" data-element_type=\"widget\" data-e-type=\"widget\" data-widget_type=\"spacer.default\">\n\t\t\t\t<div class=\"elementor-widget-container\">\n\t\t\t\t\t\t\t<div class=\"elementor-spacer\">\n\t\t\t<div class=\"elementor-spacer-inner\"><\/div>\n\t\t<\/div>\n\t\t\t\t\t\t<\/div>\n\t\t\t\t<\/div>\n\t\t\t\t<div class=\"elementor-element elementor-element-021b0ab elementor-widget elementor-widget-text-editor\" data-id=\"021b0ab\" data-element_type=\"widget\" data-e-type=\"widget\" data-widget_type=\"text-editor.default\">\n\t\t\t\t<div class=\"elementor-widget-container\">\n\t\t\t\t\t\t\t\t\t<ul>\n<li>Prozessstandardisierung<\/li>\n<li>Entwicklung von Verschlankungsprozessen<\/li>\n<li>Definition von SLAs, TARs, Priorit\u00e4ten<\/li>\n<li>Rollout<\/li>\n<\/ul>\n\t\t\t\t\t\t\t\t<\/div>\n\t\t\t\t<\/div>\n\t\t\t\t\t<\/div>\n\t\t<\/div>\n\t\t\t\t<div class=\"elementor-column elementor-col-33 elementor-top-column elementor-element elementor-element-c279583\" data-id=\"c279583\" data-element_type=\"column\" data-e-type=\"column\">\n\t\t\t<div class=\"elementor-widget-wrap elementor-element-populated\">\n\t\t\t\t\t\t<div class=\"elementor-element elementor-element-f83c247 elementor-widget elementor-widget-heading\" data-id=\"f83c247\" data-element_type=\"widget\" data-e-type=\"widget\" data-widget_type=\"heading.default\">\n\t\t\t\t<div class=\"elementor-widget-container\">\n\t\t\t\t\t<h2 class=\"elementor-heading-title elementor-size-default\">B\u00fcrodienste<\/h2>\t\t\t\t<\/div>\n\t\t\t\t<\/div>\n\t\t\t\t<div class=\"elementor-element elementor-element-1896718 elementor-widget elementor-widget-spacer\" data-id=\"1896718\" data-element_type=\"widget\" data-e-type=\"widget\" data-widget_type=\"spacer.default\">\n\t\t\t\t<div class=\"elementor-widget-container\">\n\t\t\t\t\t\t\t<div class=\"elementor-spacer\">\n\t\t\t<div class=\"elementor-spacer-inner\"><\/div>\n\t\t<\/div>\n\t\t\t\t\t\t<\/div>\n\t\t\t\t<\/div>\n\t\t\t\t<div class=\"elementor-element elementor-element-e39e6f2 elementor-widget elementor-widget-text-editor\" data-id=\"e39e6f2\" data-element_type=\"widget\" data-e-type=\"widget\" data-widget_type=\"text-editor.default\">\n\t\t\t\t<div class=\"elementor-widget-container\">\n\t\t\t\t\t\t\t\t\t<ul>\n<li>Servicemarketing<\/li>\n<li>Verwaltung<\/li>\n<li>Gesch\u00e4ftsentwicklung<\/li>\n<li>Vernetzung mit Gesch\u00e4ftspartnern<\/li>\n<\/ul>\n\t\t\t\t\t\t\t\t<\/div>\n\t\t\t\t<\/div>\n\t\t\t\t\t<\/div>\n\t\t<\/div>\n\t\t\t\t\t<\/div>\n\t\t<\/section>\n\t\t\t\t<section class=\"elementor-section elementor-top-section elementor-element elementor-element-59e257c elementor-section-boxed elementor-section-height-default elementor-section-height-default\" data-id=\"59e257c\" data-element_type=\"section\" data-e-type=\"section\">\n\t\t\t\t\t\t<div class=\"elementor-container elementor-column-gap-default\">\n\t\t\t\t\t<div class=\"elementor-column elementor-col-100 elementor-top-column elementor-element elementor-element-27a30ce\" data-id=\"27a30ce\" data-element_type=\"column\" data-e-type=\"column\">\n\t\t\t<div class=\"elementor-widget-wrap elementor-element-populated\">\n\t\t\t\t\t\t<div class=\"elementor-element elementor-element-fb9134e elementor-widget elementor-widget-spacer\" data-id=\"fb9134e\" data-element_type=\"widget\" data-e-type=\"widget\" data-widget_type=\"spacer.default\">\n\t\t\t\t<div class=\"elementor-widget-container\">\n\t\t\t\t\t\t\t<div class=\"elementor-spacer\">\n\t\t\t<div class=\"elementor-spacer-inner\"><\/div>\n\t\t<\/div>\n\t\t\t\t\t\t<\/div>\n\t\t\t\t<\/div>\n\t\t\t\t<div class=\"elementor-element elementor-element-74d4b1a elementor-widget elementor-widget-heading\" data-id=\"74d4b1a\" data-element_type=\"widget\" data-e-type=\"widget\" data-widget_type=\"heading.default\">\n\t\t\t\t<div class=\"elementor-widget-container\">\n\t\t\t\t\t<h2 class=\"elementor-heading-title elementor-size-default\">Warum Kevin David - Aftermarket Consulting<\/h2>\t\t\t\t<\/div>\n\t\t\t\t<\/div>\n\t\t\t\t\t<\/div>\n\t\t<\/div>\n\t\t\t\t\t<\/div>\n\t\t<\/section>\n\t\t\t\t<section class=\"elementor-section elementor-top-section elementor-element elementor-element-51d4f13 elementor-section-boxed elementor-section-height-default elementor-section-height-default\" data-id=\"51d4f13\" data-element_type=\"section\" data-e-type=\"section\">\n\t\t\t\t\t\t<div class=\"elementor-container elementor-column-gap-default\">\n\t\t\t\t\t<div class=\"elementor-column elementor-col-33 elementor-top-column elementor-element elementor-element-5116706\" data-id=\"5116706\" data-element_type=\"column\" data-e-type=\"column\">\n\t\t\t<div class=\"elementor-widget-wrap elementor-element-populated\">\n\t\t\t\t\t\t<div class=\"elementor-element elementor-element-08d17de elementor-widget elementor-widget-text-editor\" data-id=\"08d17de\" data-element_type=\"widget\" data-e-type=\"widget\" data-widget_type=\"text-editor.default\">\n\t\t\t\t<div class=\"elementor-widget-container\">\n\t\t\t\t\t\t\t\t\t<p>15 Jahre Gesch\u00e4fts- und Serviceerfahrung als:<\/p>\n<ul>\n<li>Order Manager Service<\/li>\n<li>EMEA Business Analyst Service<\/li>\n<li>EMEA Business Development Manager Service<\/li>\n<li>Global Service Product Manager<\/li>\n<li>Global Process Manager Service<\/li>\n<\/ul>\n\t\t\t\t\t\t\t\t<\/div>\n\t\t\t\t<\/div>\n\t\t\t\t\t<\/div>\n\t\t<\/div>\n\t\t\t\t<div class=\"elementor-column elementor-col-33 elementor-top-column elementor-element elementor-element-f2ca2bb\" data-id=\"f2ca2bb\" data-element_type=\"column\" data-e-type=\"column\">\n\t\t\t<div class=\"elementor-widget-wrap elementor-element-populated\">\n\t\t\t\t\t\t<div class=\"elementor-element elementor-element-f9bbddf elementor-widget elementor-widget-text-editor\" data-id=\"f9bbddf\" data-element_type=\"widget\" data-e-type=\"widget\" data-widget_type=\"text-editor.default\">\n\t\t\t\t<div class=\"elementor-widget-container\">\n\t\t\t\t\t\t\t\t\t<p>Aftermarket \/ Maschinenindustrie:<\/p>\n<ul>\n<li>Process Technologies<\/li>\n<li>Automotive<\/li>\n<li>Pharma<\/li>\n<li>Food&amp;Beverage<\/li>\n<\/ul>\n\t\t\t\t\t\t\t\t<\/div>\n\t\t\t\t<\/div>\n\t\t\t\t\t<\/div>\n\t\t<\/div>\n\t\t\t\t<div class=\"elementor-column elementor-col-33 elementor-top-column elementor-element elementor-element-6ad9125\" data-id=\"6ad9125\" data-element_type=\"column\" data-e-type=\"column\">\n\t\t\t<div class=\"elementor-widget-wrap elementor-element-populated\">\n\t\t\t\t\t\t<div class=\"elementor-element elementor-element-626104e elementor-widget elementor-widget-text-editor\" data-id=\"626104e\" data-element_type=\"widget\" data-e-type=\"widget\" data-widget_type=\"text-editor.default\">\n\t\t\t\t<div class=\"elementor-widget-container\">\n\t\t\t\t\t\t\t\t\t<p>Gro\u00dfes Netzwerk zu vielen kleinen und mittlst\u00e4ndischen Unternehmen sowie zu Unternehmen aus verschiedenen Branchen.<\/p>\n<p>Gro\u00dfes Netzwerk zu vielen Start-up-Unternehmen.<\/p>\n<p><strong>AFTERMARKT UND SERVICE IST MEINE LEIDENSCHAFT!<\/strong><\/p>\n\t\t\t\t\t\t\t\t<\/div>\n\t\t\t\t<\/div>\n\t\t\t\t\t<\/div>\n\t\t<\/div>\n\t\t\t\t\t<\/div>\n\t\t<\/section>\n\t\t\t\t<\/div>\n\t\t","protected":false},"excerpt":{"rendered":"<p>Kevin David &#8211; Aftermarket Consulting Unterst\u00fctzung und Beratung von Unternehmen beim Aufbau, der Entwicklung und dem Ausbau ihres Aftermarket- und Servicegesch\u00e4fts Produkt Management Standardisierung von Serviceprodukten Entwicklung neuer Serviceprodukte Standardisierung von Servicevertr\u00e4gen Gesch\u00e4ftsentwicklung und Strategie Prozessmanagement Prozessstandardisierung Entwicklung von Verschlankungsprozessen Definition von SLAs, TARs, Priorit\u00e4ten Rollout B\u00fcrodienste Servicemarketing Verwaltung Gesch\u00e4ftsentwicklung Vernetzung mit Gesch\u00e4ftspartnern Warum Kevin [&hellip;]<\/p>\n","protected":false},"author":1,"featured_media":0,"parent":0,"menu_order":0,"comment_status":"closed","ping_status":"closed","template":"elementor_header_footer","meta":{"inline_featured_image":false,"footnotes":""},"class_list":["post-386","page","type-page","status-publish","hentry"],"yoast_head":"<!-- This site is optimized with the Yoast SEO plugin v27.4 - https:\/\/yoast.com\/product\/yoast-seo-wordpress\/ -->\n<title>\u00dcber - aftermarket consulting<\/title>\n<meta name=\"robots\" content=\"index, follow, max-snippet:-1, max-image-preview:large, max-video-preview:-1\" \/>\n<link rel=\"canonical\" href=\"https:\/\/aftermarket-consulting.com\/de\/ueber\/\" \/>\n<meta property=\"og:locale\" content=\"de_DE\" \/>\n<meta property=\"og:type\" content=\"article\" \/>\n<meta property=\"og:title\" content=\"\u00dcber - aftermarket consulting\" \/>\n<meta property=\"og:description\" content=\"Kevin David &#8211; Aftermarket Consulting Unterst\u00fctzung und Beratung von Unternehmen beim Aufbau, der Entwicklung und dem Ausbau ihres Aftermarket- und Servicegesch\u00e4fts Produkt Management Standardisierung von Serviceprodukten Entwicklung neuer Serviceprodukte Standardisierung von Servicevertr\u00e4gen Gesch\u00e4ftsentwicklung und Strategie Prozessmanagement Prozessstandardisierung Entwicklung von Verschlankungsprozessen Definition von SLAs, TARs, Priorit\u00e4ten Rollout B\u00fcrodienste Servicemarketing Verwaltung Gesch\u00e4ftsentwicklung Vernetzung mit Gesch\u00e4ftspartnern Warum Kevin [&hellip;]\" \/>\n<meta property=\"og:url\" content=\"https:\/\/aftermarket-consulting.com\/de\/ueber\/\" \/>\n<meta property=\"og:site_name\" content=\"aftermarket consulting\" \/>\n<meta property=\"article:modified_time\" content=\"2021-04-16T15:52:05+00:00\" \/>\n<meta name=\"twitter:card\" content=\"summary_large_image\" \/>\n<meta name=\"twitter:label1\" content=\"Gesch\u00e4tzte Lesezeit\" \/>\n\t<meta name=\"twitter:data1\" content=\"1\u00a0Minute\" \/>\n<script type=\"application\/ld+json\" class=\"yoast-schema-graph\">{\"@context\":\"https:\\\/\\\/schema.org\",\"@graph\":[{\"@type\":\"WebPage\",\"@id\":\"https:\\\/\\\/aftermarket-consulting.com\\\/de\\\/ueber\\\/\",\"url\":\"https:\\\/\\\/aftermarket-consulting.com\\\/de\\\/ueber\\\/\",\"name\":\"\u00dcber - aftermarket consulting\",\"isPartOf\":{\"@id\":\"https:\\\/\\\/aftermarket-consulting.com\\\/de\\\/#website\"},\"datePublished\":\"2021-04-16T15:51:34+00:00\",\"dateModified\":\"2021-04-16T15:52:05+00:00\",\"breadcrumb\":{\"@id\":\"https:\\\/\\\/aftermarket-consulting.com\\\/de\\\/ueber\\\/#breadcrumb\"},\"inLanguage\":\"de\",\"potentialAction\":[{\"@type\":\"ReadAction\",\"target\":[\"https:\\\/\\\/aftermarket-consulting.com\\\/de\\\/ueber\\\/\"]}]},{\"@type\":\"BreadcrumbList\",\"@id\":\"https:\\\/\\\/aftermarket-consulting.com\\\/de\\\/ueber\\\/#breadcrumb\",\"itemListElement\":[{\"@type\":\"ListItem\",\"position\":1,\"name\":\"Startseite\",\"item\":\"https:\\\/\\\/aftermarket-consulting.com\\\/de\\\/\"},{\"@type\":\"ListItem\",\"position\":2,\"name\":\"\u00dcber\"}]},{\"@type\":\"WebSite\",\"@id\":\"https:\\\/\\\/aftermarket-consulting.com\\\/de\\\/#website\",\"url\":\"https:\\\/\\\/aftermarket-consulting.com\\\/de\\\/\",\"name\":\"aftermarket consulting\",\"description\":\"Kevin David\",\"publisher\":{\"@id\":\"https:\\\/\\\/aftermarket-consulting.com\\\/de\\\/#organization\"},\"potentialAction\":[{\"@type\":\"SearchAction\",\"target\":{\"@type\":\"EntryPoint\",\"urlTemplate\":\"https:\\\/\\\/aftermarket-consulting.com\\\/de\\\/?s={search_term_string}\"},\"query-input\":{\"@type\":\"PropertyValueSpecification\",\"valueRequired\":true,\"valueName\":\"search_term_string\"}}],\"inLanguage\":\"de\"},{\"@type\":\"Organization\",\"@id\":\"https:\\\/\\\/aftermarket-consulting.com\\\/de\\\/#organization\",\"name\":\"aftermarket consulting\",\"url\":\"https:\\\/\\\/aftermarket-consulting.com\\\/de\\\/\",\"logo\":{\"@type\":\"ImageObject\",\"inLanguage\":\"de\",\"@id\":\"https:\\\/\\\/aftermarket-consulting.com\\\/de\\\/#\\\/schema\\\/logo\\\/image\\\/\",\"url\":\"https:\\\/\\\/aftermarket-consulting.com\\\/wp-content\\\/uploads\\\/sites\\\/18\\\/2020\\\/12\\\/ac-logo-white.svg\",\"contentUrl\":\"https:\\\/\\\/aftermarket-consulting.com\\\/wp-content\\\/uploads\\\/sites\\\/18\\\/2020\\\/12\\\/ac-logo-white.svg\",\"width\":100,\"height\":100,\"caption\":\"aftermarket consulting\"},\"image\":{\"@id\":\"https:\\\/\\\/aftermarket-consulting.com\\\/de\\\/#\\\/schema\\\/logo\\\/image\\\/\"}}]}<\/script>\n<!-- \/ Yoast SEO plugin. -->","yoast_head_json":{"title":"\u00dcber - aftermarket consulting","robots":{"index":"index","follow":"follow","max-snippet":"max-snippet:-1","max-image-preview":"max-image-preview:large","max-video-preview":"max-video-preview:-1"},"canonical":"https:\/\/aftermarket-consulting.com\/de\/ueber\/","og_locale":"de_DE","og_type":"article","og_title":"\u00dcber - aftermarket consulting","og_description":"Kevin David &#8211; Aftermarket Consulting Unterst\u00fctzung und Beratung von Unternehmen beim Aufbau, der Entwicklung und dem Ausbau ihres Aftermarket- und Servicegesch\u00e4fts Produkt Management Standardisierung von Serviceprodukten Entwicklung neuer Serviceprodukte Standardisierung von Servicevertr\u00e4gen Gesch\u00e4ftsentwicklung und Strategie Prozessmanagement Prozessstandardisierung Entwicklung von Verschlankungsprozessen Definition von SLAs, TARs, Priorit\u00e4ten Rollout B\u00fcrodienste Servicemarketing Verwaltung Gesch\u00e4ftsentwicklung Vernetzung mit Gesch\u00e4ftspartnern Warum Kevin [&hellip;]","og_url":"https:\/\/aftermarket-consulting.com\/de\/ueber\/","og_site_name":"aftermarket consulting","article_modified_time":"2021-04-16T15:52:05+00:00","twitter_card":"summary_large_image","twitter_misc":{"Gesch\u00e4tzte Lesezeit":"1\u00a0Minute"},"schema":{"@context":"https:\/\/schema.org","@graph":[{"@type":"WebPage","@id":"https:\/\/aftermarket-consulting.com\/de\/ueber\/","url":"https:\/\/aftermarket-consulting.com\/de\/ueber\/","name":"\u00dcber - aftermarket consulting","isPartOf":{"@id":"https:\/\/aftermarket-consulting.com\/de\/#website"},"datePublished":"2021-04-16T15:51:34+00:00","dateModified":"2021-04-16T15:52:05+00:00","breadcrumb":{"@id":"https:\/\/aftermarket-consulting.com\/de\/ueber\/#breadcrumb"},"inLanguage":"de","potentialAction":[{"@type":"ReadAction","target":["https:\/\/aftermarket-consulting.com\/de\/ueber\/"]}]},{"@type":"BreadcrumbList","@id":"https:\/\/aftermarket-consulting.com\/de\/ueber\/#breadcrumb","itemListElement":[{"@type":"ListItem","position":1,"name":"Startseite","item":"https:\/\/aftermarket-consulting.com\/de\/"},{"@type":"ListItem","position":2,"name":"\u00dcber"}]},{"@type":"WebSite","@id":"https:\/\/aftermarket-consulting.com\/de\/#website","url":"https:\/\/aftermarket-consulting.com\/de\/","name":"aftermarket consulting","description":"Kevin David","publisher":{"@id":"https:\/\/aftermarket-consulting.com\/de\/#organization"},"potentialAction":[{"@type":"SearchAction","target":{"@type":"EntryPoint","urlTemplate":"https:\/\/aftermarket-consulting.com\/de\/?s={search_term_string}"},"query-input":{"@type":"PropertyValueSpecification","valueRequired":true,"valueName":"search_term_string"}}],"inLanguage":"de"},{"@type":"Organization","@id":"https:\/\/aftermarket-consulting.com\/de\/#organization","name":"aftermarket consulting","url":"https:\/\/aftermarket-consulting.com\/de\/","logo":{"@type":"ImageObject","inLanguage":"de","@id":"https:\/\/aftermarket-consulting.com\/de\/#\/schema\/logo\/image\/","url":"https:\/\/aftermarket-consulting.com\/wp-content\/uploads\/sites\/18\/2020\/12\/ac-logo-white.svg","contentUrl":"https:\/\/aftermarket-consulting.com\/wp-content\/uploads\/sites\/18\/2020\/12\/ac-logo-white.svg","width":100,"height":100,"caption":"aftermarket consulting"},"image":{"@id":"https:\/\/aftermarket-consulting.com\/de\/#\/schema\/logo\/image\/"}}]}},"_links":{"self":[{"href":"https:\/\/aftermarket-consulting.com\/de\/wp-json\/wp\/v2\/pages\/386","targetHints":{"allow":["GET"]}}],"collection":[{"href":"https:\/\/aftermarket-consulting.com\/de\/wp-json\/wp\/v2\/pages"}],"about":[{"href":"https:\/\/aftermarket-consulting.com\/de\/wp-json\/wp\/v2\/types\/page"}],"author":[{"embeddable":true,"href":"https:\/\/aftermarket-consulting.com\/de\/wp-json\/wp\/v2\/users\/1"}],"replies":[{"embeddable":true,"href":"https:\/\/aftermarket-consulting.com\/de\/wp-json\/wp\/v2\/comments?post=386"}],"version-history":[{"count":9,"href":"https:\/\/aftermarket-consulting.com\/de\/wp-json\/wp\/v2\/pages\/386\/revisions"}],"predecessor-version":[{"id":395,"href":"https:\/\/aftermarket-consulting.com\/de\/wp-json\/wp\/v2\/pages\/386\/revisions\/395"}],"wp:attachment":[{"href":"https:\/\/aftermarket-consulting.com\/de\/wp-json\/wp\/v2\/media?parent=386"}],"curies":[{"name":"wp","href":"https:\/\/api.w.org\/{rel}","templated":true}]}}