{"id":410,"date":"2021-04-16T18:42:00","date_gmt":"2021-04-16T16:42:00","guid":{"rendered":"https:\/\/aftermarket-consulting.com\/services\/"},"modified":"2021-04-16T18:42:01","modified_gmt":"2021-04-16T16:42:01","slug":"services","status":"publish","type":"page","link":"https:\/\/aftermarket-consulting.com\/de\/services\/","title":{"rendered":"services"},"content":{"rendered":"\t\t<div data-elementor-type=\"wp-page\" data-elementor-id=\"410\" class=\"elementor elementor-410 elementor-115\" data-elementor-post-type=\"page\">\n\t\t\t\t\t\t<section class=\"elementor-section elementor-top-section elementor-element elementor-element-890ad6b elementor-section-full_width elementor-section-height-default elementor-section-height-default\" data-id=\"890ad6b\" data-element_type=\"section\" data-e-type=\"section\">\n\t\t\t\t\t\t<div class=\"elementor-container elementor-column-gap-no\">\n\t\t\t\t\t<div class=\"elementor-column elementor-col-100 elementor-top-column elementor-element elementor-element-f1e37a1\" data-id=\"f1e37a1\" data-element_type=\"column\" data-e-type=\"column\">\n\t\t\t<div class=\"elementor-widget-wrap elementor-element-populated\">\n\t\t\t\t\t\t<div class=\"elementor-element elementor-element-cd88ff6 elementor--h-position-center elementor--v-position-middle elementor-arrows-position-inside elementor-pagination-position-inside elementor-widget elementor-widget-slides\" data-id=\"cd88ff6\" data-element_type=\"widget\" data-e-type=\"widget\" data-settings=\"{&quot;transition_speed&quot;:1000,&quot;navigation&quot;:&quot;both&quot;,&quot;autoplay&quot;:&quot;yes&quot;,&quot;pause_on_hover&quot;:&quot;yes&quot;,&quot;pause_on_interaction&quot;:&quot;yes&quot;,&quot;autoplay_speed&quot;:5000,&quot;infinite&quot;:&quot;yes&quot;,&quot;transition&quot;:&quot;slide&quot;}\" data-widget_type=\"slides.default\">\n\t\t\t\t<div class=\"elementor-widget-container\">\n\t\t\t\t\t\t\t\t\t<div class=\"elementor-swiper\">\n\t\t\t\t\t<div class=\"elementor-slides-wrapper elementor-main-swiper swiper\" role=\"region\" aria-roledescription=\"carousel\" aria-label=\"Slider\" dir=\"ltr\" data-animation=\"fadeInUp\">\n\t\t\t\t<div class=\"swiper-wrapper elementor-slides\">\n\t\t\t\t\t\t\t\t\t\t<div class=\"elementor-repeater-item-3fbeada swiper-slide\" role=\"group\" aria-roledescription=\"slide\"><div class=\"swiper-slide-bg elementor-ken-burns elementor-ken-burns--in\" role=\"img\" aria-label=\"aftermarket-consulting-maintenance-1920\"><\/div><div class=\"elementor-background-overlay\"><\/div><div class=\"swiper-slide-inner\" ><div class=\"swiper-slide-contents\"><div class=\"elementor-slide-heading\">Aftermarket und Service<\/div><div class=\"elementor-slide-description\"><p>steht f\u00fcr Kundenbetreuung<\/p>\n<\/div><\/div><\/div><\/div><div class=\"elementor-repeater-item-c090979 swiper-slide\" role=\"group\" aria-roledescription=\"slide\"><div class=\"swiper-slide-bg elementor-ken-burns elementor-ken-burns--in\" role=\"img\" aria-label=\"Aftermarket-Consulting Process Management Kevin David\"><\/div><div class=\"elementor-background-overlay\"><\/div><div class=\"swiper-slide-inner\" ><div class=\"swiper-slide-contents\"><div class=\"elementor-slide-heading\">Chancen &amp; M\u00f6glichkeiten<\/div><div class=\"elementor-slide-description\"><p>Der Aftermarket wird immer wichtiger<\/p>\n<\/div><\/div><\/div><\/div>\t\t\t\t<\/div>\n\t\t\t\t\t\t\t\t\t\t\t\t\t\t\t<div class=\"elementor-swiper-button elementor-swiper-button-prev\" role=\"button\" tabindex=\"0\" aria-label=\"Vorheriger Slide\">\n\t\t\t\t\t\t\t<i aria-hidden=\"true\" class=\"eicon-chevron-left\"><\/i>\t\t\t\t\t\t<\/div>\n\t\t\t\t\t\t<div class=\"elementor-swiper-button elementor-swiper-button-next\" role=\"button\" tabindex=\"0\" aria-label=\"N\u00e4chster Slide\">\n\t\t\t\t\t\t\t<i aria-hidden=\"true\" class=\"eicon-chevron-right\"><\/i>\t\t\t\t\t\t<\/div>\n\t\t\t\t\t\t\t\t\t\t\t\t\t\t\t\t<div class=\"swiper-pagination\"><\/div>\n\t\t\t\t\t\t\t\t\t\t\t\t<\/div>\n\t\t\t\t<\/div>\n\t\t\t\t\t\t\t\t<\/div>\n\t\t\t\t<\/div>\n\t\t\t\t\t<\/div>\n\t\t<\/div>\n\t\t\t\t\t<\/div>\n\t\t<\/section>\n\t\t\t\t<section class=\"elementor-section elementor-top-section elementor-element elementor-element-79b32f8 elementor-section-boxed elementor-section-height-default elementor-section-height-default\" data-id=\"79b32f8\" data-element_type=\"section\" data-e-type=\"section\">\n\t\t\t\t\t\t<div class=\"elementor-container elementor-column-gap-default\">\n\t\t\t\t\t<div class=\"elementor-column elementor-col-100 elementor-top-column elementor-element elementor-element-efee1d0\" data-id=\"efee1d0\" data-element_type=\"column\" data-e-type=\"column\">\n\t\t\t<div class=\"elementor-widget-wrap elementor-element-populated\">\n\t\t\t\t\t\t<div class=\"elementor-element elementor-element-876640e elementor-widget elementor-widget-spacer\" data-id=\"876640e\" data-element_type=\"widget\" data-e-type=\"widget\" data-widget_type=\"spacer.default\">\n\t\t\t\t<div class=\"elementor-widget-container\">\n\t\t\t\t\t\t\t<div class=\"elementor-spacer\">\n\t\t\t<div class=\"elementor-spacer-inner\"><\/div>\n\t\t<\/div>\n\t\t\t\t\t\t<\/div>\n\t\t\t\t<\/div>\n\t\t\t\t<div class=\"elementor-element elementor-element-43fd0aa elementor-widget elementor-widget-heading\" data-id=\"43fd0aa\" data-element_type=\"widget\" data-e-type=\"widget\" data-widget_type=\"heading.default\">\n\t\t\t\t<div class=\"elementor-widget-container\">\n\t\t\t\t\t<h2 class=\"elementor-heading-title elementor-size-default\">Aftermarket und Service<\/h2>\t\t\t\t<\/div>\n\t\t\t\t<\/div>\n\t\t\t\t\t<\/div>\n\t\t<\/div>\n\t\t\t\t\t<\/div>\n\t\t<\/section>\n\t\t\t\t<section class=\"elementor-section elementor-top-section elementor-element elementor-element-d894ac8 elementor-section-boxed elementor-section-height-default elementor-section-height-default\" data-id=\"d894ac8\" data-element_type=\"section\" data-e-type=\"section\">\n\t\t\t\t\t\t<div class=\"elementor-container elementor-column-gap-wider\">\n\t\t\t\t\t<div class=\"elementor-column elementor-col-50 elementor-top-column elementor-element elementor-element-462e7d1\" data-id=\"462e7d1\" data-element_type=\"column\" data-e-type=\"column\">\n\t\t\t<div class=\"elementor-widget-wrap elementor-element-populated\">\n\t\t\t\t\t\t<div class=\"elementor-element elementor-element-ef88d3f elementor-widget elementor-widget-text-editor\" data-id=\"ef88d3f\" data-element_type=\"widget\" data-e-type=\"widget\" data-widget_type=\"text-editor.default\">\n\t\t\t\t<div class=\"elementor-widget-container\">\n\t\t\t\t\t\t\t\t\t<p>Der Aftermarket und Service bieten Unternehmen die M\u00f6glichkeit, sich mit produktbezogenen Dienstleistungen f\u00fcr ihre Prim\u00e4rwaren von ihren Mitbewerbern abzuheben und sich dank eines differenzierten Portfolios von der Masse abzuheben<\/p>\n<p>Typischerweise:<\/p>\n<ul>\n<li>Inspecktion\n<ul>\n<li>Ermittlung des aktuellen Zustands und Ermittlung von Ma\u00dfnahmen zur Aufrechterhaltung einer optimalen Funktionsf\u00e4higkeit<\/li>\n<\/ul>\n<\/li>\n<li>Wartung\n<ul>\n<li>Wiederherstellung des Zielzustands anhand definierter Checklisten (Reinigung, Austausch definierter Ersatz- und Verschlei\u00dfteile)<\/li>\n<\/ul>\n<\/li>\n<li>Reparatur\n<ul>\n<li>alle notwendigen Ma\u00dfnahmen zur Wiederherstellung der Funktionsf\u00e4higkeit<\/li>\n<\/ul>\n<\/li>\n<li>Installation\n<ul>\n<li>Inbetriebnahme<\/li>\n<\/ul>\n<\/li>\n<li>Ersatzteile<\/li>\n<li>PhoneSupport<\/li>\n<\/ul>\n\t\t\t\t\t\t\t\t<\/div>\n\t\t\t\t<\/div>\n\t\t\t\t\t<\/div>\n\t\t<\/div>\n\t\t\t\t<div class=\"elementor-column elementor-col-50 elementor-top-column elementor-element elementor-element-ab6ca87\" data-id=\"ab6ca87\" data-element_type=\"column\" data-e-type=\"column\">\n\t\t\t<div class=\"elementor-widget-wrap elementor-element-populated\">\n\t\t\t\t\t\t<div class=\"elementor-element elementor-element-bf4935a elementor-widget elementor-widget-text-editor\" data-id=\"bf4935a\" data-element_type=\"widget\" data-e-type=\"widget\" data-widget_type=\"text-editor.default\">\n\t\t\t\t<div class=\"elementor-widget-container\">\n\t\t\t\t\t\t\t\t\t<p>Aftermarket and Service steht f\u00fcr Kundenbetreuung F\u00fcr Unternehmen, insbesondere in Krisenzeiten, wird es schwieriger, mit ihren Prim\u00e4rg\u00fctern Leads zu generieren. Der Aftermarket ist eine M\u00f6glichkeit, sich dank eines differenzierten Portfolios von der Konkurrenz abzuheben<\/p>\n<p>In vielen Unternehmen ist der Aftermarket einfach Teil des Prozesses, was bedeutet, dass viele Verkaufschancen nicht realisiert werden und die Kundenzufriedenheit verringert wird<\/p>\n<p>Der Aftermarket ver\u00e4ndert sich st\u00e4ndig und ist ein entscheidender Faktor f\u00fcr eine langfristige Kundenbeziehung<\/p>\n\t\t\t\t\t\t\t\t<\/div>\n\t\t\t\t<\/div>\n\t\t\t\t<div class=\"elementor-element elementor-element-bc21ecf elementor-widget elementor-widget-spacer\" data-id=\"bc21ecf\" data-element_type=\"widget\" data-e-type=\"widget\" data-widget_type=\"spacer.default\">\n\t\t\t\t<div class=\"elementor-widget-container\">\n\t\t\t\t\t\t\t<div class=\"elementor-spacer\">\n\t\t\t<div class=\"elementor-spacer-inner\"><\/div>\n\t\t<\/div>\n\t\t\t\t\t\t<\/div>\n\t\t\t\t<\/div>\n\t\t\t\t<div class=\"elementor-element elementor-element-ba1b196 elementor-widget elementor-widget-heading\" data-id=\"ba1b196\" data-element_type=\"widget\" data-e-type=\"widget\" data-widget_type=\"heading.default\">\n\t\t\t\t<div class=\"elementor-widget-container\">\n\t\t\t\t\t<h4 class=\"elementor-heading-title elementor-size-default\">Chancen im Aftermarket:<\/h4>\t\t\t\t<\/div>\n\t\t\t\t<\/div>\n\t\t\t\t<div class=\"elementor-element elementor-element-af5e816 elementor-widget elementor-widget-spacer\" data-id=\"af5e816\" data-element_type=\"widget\" data-e-type=\"widget\" data-widget_type=\"spacer.default\">\n\t\t\t\t<div class=\"elementor-widget-container\">\n\t\t\t\t\t\t\t<div class=\"elementor-spacer\">\n\t\t\t<div class=\"elementor-spacer-inner\"><\/div>\n\t\t<\/div>\n\t\t\t\t\t\t<\/div>\n\t\t\t\t<\/div>\n\t\t\t\t<div class=\"elementor-element elementor-element-f44f471 elementor-widget elementor-widget-text-editor\" data-id=\"f44f471\" data-element_type=\"widget\" data-e-type=\"widget\" data-widget_type=\"text-editor.default\">\n\t\t\t\t<div class=\"elementor-widget-container\">\n\t\t\t\t\t\t\t\t\t<p>Der Aftermarket wird immer wichtiger.<\/p>\n<p>Es gibt Unternehmen die M\u00f6glichkeit:<\/p>\n<ul>\n<li>Steigern von Umsatz und Gewinn<\/li>\n<li>Steiggerung des Neumaschinengesch\u00e4ftes<\/li>\n<li>Steigerung der Kundenzufriedenheit<\/li>\n<li>Handlungsf\u00e4higkeit auch in Krisenzeiten<\/li>\n<\/ul>\n<p>Der Umsatzanteil im Aftermarket eines Unternehmens liegt normalerweise zwischen 20 und 25%, aber 50% des Gewinnanteils eines Unternehmens stammen normalerweise aus dem Aftermarket<\/p>\n<p>In der Regel verbringt ein Vertriebsmitarbeiter 30% seiner Zeit mit Kunden, 70% seiner Zeit mit Verwaltungsaufgaben &#8211; dies kann mit geeigneten Prozessen und Tools ge\u00e4ndert werden<\/p>\n\t\t\t\t\t\t\t\t<\/div>\n\t\t\t\t<\/div>\n\t\t\t\t\t<\/div>\n\t\t<\/div>\n\t\t\t\t\t<\/div>\n\t\t<\/section>\n\t\t\t\t<\/div>\n\t\t","protected":false},"excerpt":{"rendered":"<p>Aftermarket und Service steht f\u00fcr Kundenbetreuung Chancen &amp; M\u00f6glichkeiten Der Aftermarket wird immer wichtiger Previous Next Aftermarket und Service Der Aftermarket und Service bieten Unternehmen die M\u00f6glichkeit, sich mit produktbezogenen Dienstleistungen f\u00fcr ihre Prim\u00e4rwaren von ihren Mitbewerbern abzuheben und sich dank eines differenzierten Portfolios von der Masse abzuheben Typischerweise: Inspecktion Ermittlung des aktuellen Zustands und [&hellip;]<\/p>\n","protected":false},"author":1,"featured_media":0,"parent":0,"menu_order":0,"comment_status":"closed","ping_status":"closed","template":"elementor_header_footer","meta":{"inline_featured_image":false,"footnotes":""},"class_list":["post-410","page","type-page","status-publish","hentry"],"yoast_head":"<!-- This site is optimized with the Yoast SEO plugin v27.4 - https:\/\/yoast.com\/product\/yoast-seo-wordpress\/ -->\n<title>services - aftermarket consulting<\/title>\n<meta name=\"robots\" content=\"index, follow, max-snippet:-1, max-image-preview:large, max-video-preview:-1\" \/>\n<link rel=\"canonical\" href=\"https:\/\/aftermarket-consulting.com\/de\/services\/\" \/>\n<meta property=\"og:locale\" content=\"de_DE\" \/>\n<meta property=\"og:type\" content=\"article\" \/>\n<meta property=\"og:title\" content=\"services - aftermarket consulting\" \/>\n<meta property=\"og:description\" content=\"Aftermarket und Service steht f\u00fcr Kundenbetreuung Chancen &amp; M\u00f6glichkeiten Der Aftermarket wird immer wichtiger Previous Next Aftermarket und Service Der Aftermarket und Service bieten Unternehmen die M\u00f6glichkeit, sich mit produktbezogenen Dienstleistungen f\u00fcr ihre Prim\u00e4rwaren von ihren Mitbewerbern abzuheben und sich dank eines differenzierten Portfolios von der Masse abzuheben Typischerweise: Inspecktion Ermittlung des aktuellen Zustands und [&hellip;]\" \/>\n<meta property=\"og:url\" content=\"https:\/\/aftermarket-consulting.com\/de\/services\/\" \/>\n<meta property=\"og:site_name\" content=\"aftermarket consulting\" \/>\n<meta property=\"article:modified_time\" content=\"2021-04-16T16:42:01+00:00\" \/>\n<meta name=\"twitter:card\" content=\"summary_large_image\" \/>\n<meta name=\"twitter:label1\" content=\"Gesch\u00e4tzte Lesezeit\" \/>\n\t<meta name=\"twitter:data1\" content=\"1\u00a0Minute\" \/>\n<script type=\"application\/ld+json\" class=\"yoast-schema-graph\">{\"@context\":\"https:\\\/\\\/schema.org\",\"@graph\":[{\"@type\":\"WebPage\",\"@id\":\"https:\\\/\\\/aftermarket-consulting.com\\\/de\\\/services\\\/\",\"url\":\"https:\\\/\\\/aftermarket-consulting.com\\\/de\\\/services\\\/\",\"name\":\"services - aftermarket consulting\",\"isPartOf\":{\"@id\":\"https:\\\/\\\/aftermarket-consulting.com\\\/de\\\/#website\"},\"datePublished\":\"2021-04-16T16:42:00+00:00\",\"dateModified\":\"2021-04-16T16:42:01+00:00\",\"breadcrumb\":{\"@id\":\"https:\\\/\\\/aftermarket-consulting.com\\\/de\\\/services\\\/#breadcrumb\"},\"inLanguage\":\"de\",\"potentialAction\":[{\"@type\":\"ReadAction\",\"target\":[\"https:\\\/\\\/aftermarket-consulting.com\\\/de\\\/services\\\/\"]}]},{\"@type\":\"BreadcrumbList\",\"@id\":\"https:\\\/\\\/aftermarket-consulting.com\\\/de\\\/services\\\/#breadcrumb\",\"itemListElement\":[{\"@type\":\"ListItem\",\"position\":1,\"name\":\"Startseite\",\"item\":\"https:\\\/\\\/aftermarket-consulting.com\\\/de\\\/\"},{\"@type\":\"ListItem\",\"position\":2,\"name\":\"services\"}]},{\"@type\":\"WebSite\",\"@id\":\"https:\\\/\\\/aftermarket-consulting.com\\\/de\\\/#website\",\"url\":\"https:\\\/\\\/aftermarket-consulting.com\\\/de\\\/\",\"name\":\"aftermarket consulting\",\"description\":\"Kevin David\",\"publisher\":{\"@id\":\"https:\\\/\\\/aftermarket-consulting.com\\\/de\\\/#organization\"},\"potentialAction\":[{\"@type\":\"SearchAction\",\"target\":{\"@type\":\"EntryPoint\",\"urlTemplate\":\"https:\\\/\\\/aftermarket-consulting.com\\\/de\\\/?s={search_term_string}\"},\"query-input\":{\"@type\":\"PropertyValueSpecification\",\"valueRequired\":true,\"valueName\":\"search_term_string\"}}],\"inLanguage\":\"de\"},{\"@type\":\"Organization\",\"@id\":\"https:\\\/\\\/aftermarket-consulting.com\\\/de\\\/#organization\",\"name\":\"aftermarket consulting\",\"url\":\"https:\\\/\\\/aftermarket-consulting.com\\\/de\\\/\",\"logo\":{\"@type\":\"ImageObject\",\"inLanguage\":\"de\",\"@id\":\"https:\\\/\\\/aftermarket-consulting.com\\\/de\\\/#\\\/schema\\\/logo\\\/image\\\/\",\"url\":\"https:\\\/\\\/aftermarket-consulting.com\\\/wp-content\\\/uploads\\\/sites\\\/18\\\/2020\\\/12\\\/ac-logo-white.svg\",\"contentUrl\":\"https:\\\/\\\/aftermarket-consulting.com\\\/wp-content\\\/uploads\\\/sites\\\/18\\\/2020\\\/12\\\/ac-logo-white.svg\",\"width\":100,\"height\":100,\"caption\":\"aftermarket consulting\"},\"image\":{\"@id\":\"https:\\\/\\\/aftermarket-consulting.com\\\/de\\\/#\\\/schema\\\/logo\\\/image\\\/\"}}]}<\/script>\n<!-- \/ Yoast SEO plugin. -->","yoast_head_json":{"title":"services - aftermarket consulting","robots":{"index":"index","follow":"follow","max-snippet":"max-snippet:-1","max-image-preview":"max-image-preview:large","max-video-preview":"max-video-preview:-1"},"canonical":"https:\/\/aftermarket-consulting.com\/de\/services\/","og_locale":"de_DE","og_type":"article","og_title":"services - aftermarket consulting","og_description":"Aftermarket und Service steht f\u00fcr Kundenbetreuung Chancen &amp; M\u00f6glichkeiten Der Aftermarket wird immer wichtiger Previous Next Aftermarket und Service Der Aftermarket und Service bieten Unternehmen die M\u00f6glichkeit, sich mit produktbezogenen Dienstleistungen f\u00fcr ihre Prim\u00e4rwaren von ihren Mitbewerbern abzuheben und sich dank eines differenzierten Portfolios von der Masse abzuheben Typischerweise: Inspecktion Ermittlung des aktuellen Zustands und [&hellip;]","og_url":"https:\/\/aftermarket-consulting.com\/de\/services\/","og_site_name":"aftermarket consulting","article_modified_time":"2021-04-16T16:42:01+00:00","twitter_card":"summary_large_image","twitter_misc":{"Gesch\u00e4tzte Lesezeit":"1\u00a0Minute"},"schema":{"@context":"https:\/\/schema.org","@graph":[{"@type":"WebPage","@id":"https:\/\/aftermarket-consulting.com\/de\/services\/","url":"https:\/\/aftermarket-consulting.com\/de\/services\/","name":"services - aftermarket consulting","isPartOf":{"@id":"https:\/\/aftermarket-consulting.com\/de\/#website"},"datePublished":"2021-04-16T16:42:00+00:00","dateModified":"2021-04-16T16:42:01+00:00","breadcrumb":{"@id":"https:\/\/aftermarket-consulting.com\/de\/services\/#breadcrumb"},"inLanguage":"de","potentialAction":[{"@type":"ReadAction","target":["https:\/\/aftermarket-consulting.com\/de\/services\/"]}]},{"@type":"BreadcrumbList","@id":"https:\/\/aftermarket-consulting.com\/de\/services\/#breadcrumb","itemListElement":[{"@type":"ListItem","position":1,"name":"Startseite","item":"https:\/\/aftermarket-consulting.com\/de\/"},{"@type":"ListItem","position":2,"name":"services"}]},{"@type":"WebSite","@id":"https:\/\/aftermarket-consulting.com\/de\/#website","url":"https:\/\/aftermarket-consulting.com\/de\/","name":"aftermarket consulting","description":"Kevin David","publisher":{"@id":"https:\/\/aftermarket-consulting.com\/de\/#organization"},"potentialAction":[{"@type":"SearchAction","target":{"@type":"EntryPoint","urlTemplate":"https:\/\/aftermarket-consulting.com\/de\/?s={search_term_string}"},"query-input":{"@type":"PropertyValueSpecification","valueRequired":true,"valueName":"search_term_string"}}],"inLanguage":"de"},{"@type":"Organization","@id":"https:\/\/aftermarket-consulting.com\/de\/#organization","name":"aftermarket consulting","url":"https:\/\/aftermarket-consulting.com\/de\/","logo":{"@type":"ImageObject","inLanguage":"de","@id":"https:\/\/aftermarket-consulting.com\/de\/#\/schema\/logo\/image\/","url":"https:\/\/aftermarket-consulting.com\/wp-content\/uploads\/sites\/18\/2020\/12\/ac-logo-white.svg","contentUrl":"https:\/\/aftermarket-consulting.com\/wp-content\/uploads\/sites\/18\/2020\/12\/ac-logo-white.svg","width":100,"height":100,"caption":"aftermarket consulting"},"image":{"@id":"https:\/\/aftermarket-consulting.com\/de\/#\/schema\/logo\/image\/"}}]}},"_links":{"self":[{"href":"https:\/\/aftermarket-consulting.com\/de\/wp-json\/wp\/v2\/pages\/410","targetHints":{"allow":["GET"]}}],"collection":[{"href":"https:\/\/aftermarket-consulting.com\/de\/wp-json\/wp\/v2\/pages"}],"about":[{"href":"https:\/\/aftermarket-consulting.com\/de\/wp-json\/wp\/v2\/types\/page"}],"author":[{"embeddable":true,"href":"https:\/\/aftermarket-consulting.com\/de\/wp-json\/wp\/v2\/users\/1"}],"replies":[{"embeddable":true,"href":"https:\/\/aftermarket-consulting.com\/de\/wp-json\/wp\/v2\/comments?post=410"}],"version-history":[{"count":3,"href":"https:\/\/aftermarket-consulting.com\/de\/wp-json\/wp\/v2\/pages\/410\/revisions"}],"predecessor-version":[{"id":427,"href":"https:\/\/aftermarket-consulting.com\/de\/wp-json\/wp\/v2\/pages\/410\/revisions\/427"}],"wp:attachment":[{"href":"https:\/\/aftermarket-consulting.com\/de\/wp-json\/wp\/v2\/media?parent=410"}],"curies":[{"name":"wp","href":"https:\/\/api.w.org\/{rel}","templated":true}]}}