{"id":448,"date":"2021-04-17T00:00:16","date_gmt":"2021-04-16T22:00:16","guid":{"rendered":"https:\/\/aftermarket-consulting.com\/impressum\/"},"modified":"2021-04-17T00:00:16","modified_gmt":"2021-04-16T22:00:16","slug":"impressum","status":"publish","type":"page","link":"https:\/\/aftermarket-consulting.com\/de\/impressum\/","title":{"rendered":"Impressum"},"content":{"rendered":"\n<h1 class=\"wp-block-heading\">Impressum<\/h1>\n\n<h2 class=\"wp-block-heading\">Angaben gem\u00e4\u00df \u00a7 5 TMG <\/h2>\n\n<p>Kevin David<br\/>Bahnhofstra\u00dfe 10<br\/>74532 Ilshofen<br\/>Deutschland<\/p>\n\n<h2 class=\"wp-block-heading\">Kontakt<\/h2>\n\n<p>Telefon: +49 7904 8769<br\/>Mobil: +49 160 2526208\u202c<br\/>E-Mail: info@aftermarket-consulting.com<\/p>\n\n<h2 class=\"wp-block-heading\">USt-ID<\/h2>\n\n<p>Umsatzsteuer-Identifikationsnummer gem\u00e4\u00df \u00a7 27 a Umsatzsteuergesetz: <br\/>DE327378083<\/p>\n\n<h2 class=\"wp-block-heading\">Verantwortlich f\u00fcr den Inhalt nach \u00a7 55 Abs. 2 RStV <\/h2>\n\n<p>Kevin David<br\/>Bahnhofstra\u00dfe 10<br\/>74532 Ilshofen<br\/>Deutschland<\/p>\n\n<h2 class=\"wp-block-heading\">EU-Streitschlichtung<\/h2>\n\n<p>Die Europ\u00e4ische Kommission stellt eine Plattform zur Online-Streitbeilegung (OS) bereit: <a href=\"https:\/\/ec.europa.eu\/consumers\/odr\" target=\"_blank\" rel=\"noopener noreferrer\">https:\/\/ec.europa.eu\/consumers\/odr<\/a>.<br\/> Unsere E-Mail-Adresse finden Sie oben im Impressum.<\/p>\n\n<h2 class=\"wp-block-heading\">Verbraucherstreitbeilegung\/Universalschlichtungsstelle<\/h2>\n\n<p>Wir sind nicht bereit oder verpflichtet, an Streitbeilegungsverfahren vor einer Verbraucherschlichtungsstelle teilzunehmen.<\/p>\n\n<h3 class=\"wp-block-heading\">Haftung f\u00fcr Inhalte<\/h3>\n\n<p>Als Diensteanbieter sind wir gem\u00e4\u00df \u00a7 7 Abs.1 TMG f\u00fcr eigene Inhalte auf diesen Seiten nach den allgemeinen Gesetzen verantwortlich. Nach \u00a7\u00a7 8 bis 10 TMG sind wir als Diensteanbieter jedoch nicht verpflichtet, \u00fcbermittelte oder gespeicherte fremde Informationen zu \u00fcberwachen oder nach Umst\u00e4nden zu forschen, die auf eine rechtswidrige T\u00e4tigkeit hinweisen.  <\/p>\n\n<p>Verpflichtungen zur Entfernung oder Sperrung der Nutzung von Informationen nach den allgemeinen Gesetzen bleiben hiervon unber\u00fchrt. Eine diesbez\u00fcgliche Haftung ist jedoch erst ab dem Zeitpunkt der Kenntnis einer konkreten Rechtsverletzung m\u00f6glich. Bei Bekanntwerden von entsprechenden Rechtsverletzungen werden wir diese Inhalte umgehend entfernen.  <\/p>\n\n<h3 class=\"wp-block-heading\">Haftung f\u00fcr Links<\/h3>\n\n<p>Unser Angebot enth\u00e4lt Links zu externen Websites Dritter, auf deren Inhalte wir keinen Einfluss haben. Deshalb k\u00f6nnen wir f\u00fcr diese fremden Inhalte auch keine Gew\u00e4hr \u00fcbernehmen. F\u00fcr die Inhalte der verlinkten Seiten ist stets der jeweilige Anbieter oder Betreiber der Seiten verantwortlich. Die verlinkten Seiten wurden zum Zeitpunkt der Verlinkung auf m\u00f6gliche Rechtsverst\u00f6\u00dfe \u00fcberpr\u00fcft. Rechtswidrige Inhalte waren zum Zeitpunkt der Verlinkung nicht erkennbar.  <\/p>\n\n<p>Eine permanente inhaltliche Kontrolle der verlinkten Seiten ist jedoch ohne konkrete Anhaltspunkte einer Rechtsverletzung nicht zumutbar. Bei Bekanntwerden von Rechtsverletzungen werden wir derartige Links umgehend entfernen.   <\/p>\n\n<h3 class=\"wp-block-heading\">Urheberrecht<\/h3>\n\n<p>Die durch die Seitenbetreiber erstellten Inhalte und Werke auf diesen Seiten unterliegen dem deutschen Urheberrecht. Die Vervielf\u00e4ltigung, Bearbeitung, Verbreitung und jede Art der Verwertung au\u00dferhalb der Grenzen des Urheberrechtes bed\u00fcrfen der schriftlichen Zustimmung des jeweiligen Autors bzw. Erstellers.  <br\/> Downloads und Kopien dieser Seite sind nur f\u00fcr den privaten, nicht kommerziellen Gebrauch gestattet.<\/p>\n\n<p>Soweit die Inhalte auf dieser Seite nicht vom Betreiber erstellt wurden, werden die Urheberrechte Dritter beachtet. Insbesondere werden Inhalte Dritter als solche gekennzeichnet. Sollten Sie trotzdem auf eine Urheberrechtsverletzung aufmerksam werden, bitten wir um einen entsprechenden Hinweis. Bei Bekanntwerden von Rechtsverletzungen werden wir derartige Inhalte umgehend entfernen.   <\/p>\n","protected":false},"excerpt":{"rendered":"<p>Impressum Angaben gem\u00e4\u00df \u00a7 5 TMG Kevin DavidBahnhofstra\u00dfe 1074532 IlshofenDeutschland Kontakt Telefon: +49 7904 8769Mobil: +49 160 2526208\u202cE-Mail: info@aftermarket-consulting.com USt-ID Umsatzsteuer-Identifikationsnummer gem\u00e4\u00df \u00a7 27 a Umsatzsteuergesetz: DE327378083 Verantwortlich f\u00fcr den Inhalt nach \u00a7 55 Abs. 2 RStV Kevin DavidBahnhofstra\u00dfe 1074532 IlshofenDeutschland EU-Streitschlichtung Die Europ\u00e4ische Kommission stellt eine Plattform zur Online-Streitbeilegung (OS) bereit: https:\/\/ec.europa.eu\/consumers\/odr. Unsere E-Mail-Adresse [&hellip;]<\/p>\n","protected":false},"author":1,"featured_media":0,"parent":0,"menu_order":0,"comment_status":"closed","ping_status":"closed","template":"","meta":{"inline_featured_image":false,"footnotes":""},"class_list":["post-448","page","type-page","status-publish","hentry"],"yoast_head":"<!-- This site is optimized with the Yoast SEO plugin v27.4 - https:\/\/yoast.com\/product\/yoast-seo-wordpress\/ -->\n<title>Impressum - aftermarket consulting<\/title>\n<meta name=\"robots\" content=\"index, follow, max-snippet:-1, max-image-preview:large, max-video-preview:-1\" \/>\n<link rel=\"canonical\" href=\"https:\/\/aftermarket-consulting.com\/de\/impressum\/\" \/>\n<meta property=\"og:locale\" content=\"de_DE\" \/>\n<meta property=\"og:type\" content=\"article\" \/>\n<meta property=\"og:title\" content=\"Impressum - aftermarket consulting\" \/>\n<meta property=\"og:description\" content=\"Impressum Angaben gem\u00e4\u00df \u00a7 5 TMG Kevin DavidBahnhofstra\u00dfe 1074532 IlshofenDeutschland Kontakt Telefon: +49 7904 8769Mobil: +49 160 2526208\u202cE-Mail: info@aftermarket-consulting.com USt-ID Umsatzsteuer-Identifikationsnummer gem\u00e4\u00df \u00a7 27 a Umsatzsteuergesetz: DE327378083 Verantwortlich f\u00fcr den Inhalt nach \u00a7 55 Abs. 2 RStV Kevin DavidBahnhofstra\u00dfe 1074532 IlshofenDeutschland EU-Streitschlichtung Die Europ\u00e4ische Kommission stellt eine Plattform zur Online-Streitbeilegung (OS) bereit: https:\/\/ec.europa.eu\/consumers\/odr. Unsere E-Mail-Adresse [&hellip;]\" \/>\n<meta property=\"og:url\" content=\"https:\/\/aftermarket-consulting.com\/de\/impressum\/\" \/>\n<meta property=\"og:site_name\" content=\"aftermarket consulting\" \/>\n<meta name=\"twitter:card\" content=\"summary_large_image\" \/>\n<meta name=\"twitter:label1\" content=\"Gesch\u00e4tzte Lesezeit\" \/>\n\t<meta name=\"twitter:data1\" content=\"2\u00a0Minuten\" \/>\n<script type=\"application\/ld+json\" class=\"yoast-schema-graph\">{\"@context\":\"https:\\\/\\\/schema.org\",\"@graph\":[{\"@type\":\"WebPage\",\"@id\":\"https:\\\/\\\/aftermarket-consulting.com\\\/de\\\/impressum\\\/\",\"url\":\"https:\\\/\\\/aftermarket-consulting.com\\\/de\\\/impressum\\\/\",\"name\":\"Impressum - aftermarket consulting\",\"isPartOf\":{\"@id\":\"https:\\\/\\\/aftermarket-consulting.com\\\/de\\\/#website\"},\"datePublished\":\"2021-04-16T22:00:16+00:00\",\"breadcrumb\":{\"@id\":\"https:\\\/\\\/aftermarket-consulting.com\\\/de\\\/impressum\\\/#breadcrumb\"},\"inLanguage\":\"de\",\"potentialAction\":[{\"@type\":\"ReadAction\",\"target\":[\"https:\\\/\\\/aftermarket-consulting.com\\\/de\\\/impressum\\\/\"]}]},{\"@type\":\"BreadcrumbList\",\"@id\":\"https:\\\/\\\/aftermarket-consulting.com\\\/de\\\/impressum\\\/#breadcrumb\",\"itemListElement\":[{\"@type\":\"ListItem\",\"position\":1,\"name\":\"Startseite\",\"item\":\"https:\\\/\\\/aftermarket-consulting.com\\\/de\\\/\"},{\"@type\":\"ListItem\",\"position\":2,\"name\":\"Impressum\"}]},{\"@type\":\"WebSite\",\"@id\":\"https:\\\/\\\/aftermarket-consulting.com\\\/de\\\/#website\",\"url\":\"https:\\\/\\\/aftermarket-consulting.com\\\/de\\\/\",\"name\":\"aftermarket consulting\",\"description\":\"Kevin David\",\"publisher\":{\"@id\":\"https:\\\/\\\/aftermarket-consulting.com\\\/de\\\/#organization\"},\"potentialAction\":[{\"@type\":\"SearchAction\",\"target\":{\"@type\":\"EntryPoint\",\"urlTemplate\":\"https:\\\/\\\/aftermarket-consulting.com\\\/de\\\/?s={search_term_string}\"},\"query-input\":{\"@type\":\"PropertyValueSpecification\",\"valueRequired\":true,\"valueName\":\"search_term_string\"}}],\"inLanguage\":\"de\"},{\"@type\":\"Organization\",\"@id\":\"https:\\\/\\\/aftermarket-consulting.com\\\/de\\\/#organization\",\"name\":\"aftermarket consulting\",\"url\":\"https:\\\/\\\/aftermarket-consulting.com\\\/de\\\/\",\"logo\":{\"@type\":\"ImageObject\",\"inLanguage\":\"de\",\"@id\":\"https:\\\/\\\/aftermarket-consulting.com\\\/de\\\/#\\\/schema\\\/logo\\\/image\\\/\",\"url\":\"https:\\\/\\\/aftermarket-consulting.com\\\/wp-content\\\/uploads\\\/sites\\\/18\\\/2020\\\/12\\\/ac-logo-white.svg\",\"contentUrl\":\"https:\\\/\\\/aftermarket-consulting.com\\\/wp-content\\\/uploads\\\/sites\\\/18\\\/2020\\\/12\\\/ac-logo-white.svg\",\"width\":100,\"height\":100,\"caption\":\"aftermarket consulting\"},\"image\":{\"@id\":\"https:\\\/\\\/aftermarket-consulting.com\\\/de\\\/#\\\/schema\\\/logo\\\/image\\\/\"}}]}<\/script>\n<!-- \/ Yoast SEO plugin. -->","yoast_head_json":{"title":"Impressum - aftermarket consulting","robots":{"index":"index","follow":"follow","max-snippet":"max-snippet:-1","max-image-preview":"max-image-preview:large","max-video-preview":"max-video-preview:-1"},"canonical":"https:\/\/aftermarket-consulting.com\/de\/impressum\/","og_locale":"de_DE","og_type":"article","og_title":"Impressum - aftermarket consulting","og_description":"Impressum Angaben gem\u00e4\u00df \u00a7 5 TMG Kevin DavidBahnhofstra\u00dfe 1074532 IlshofenDeutschland Kontakt Telefon: +49 7904 8769Mobil: +49 160 2526208\u202cE-Mail: info@aftermarket-consulting.com USt-ID Umsatzsteuer-Identifikationsnummer gem\u00e4\u00df \u00a7 27 a Umsatzsteuergesetz: DE327378083 Verantwortlich f\u00fcr den Inhalt nach \u00a7 55 Abs. 2 RStV Kevin DavidBahnhofstra\u00dfe 1074532 IlshofenDeutschland EU-Streitschlichtung Die Europ\u00e4ische Kommission stellt eine Plattform zur Online-Streitbeilegung (OS) bereit: https:\/\/ec.europa.eu\/consumers\/odr. Unsere E-Mail-Adresse [&hellip;]","og_url":"https:\/\/aftermarket-consulting.com\/de\/impressum\/","og_site_name":"aftermarket consulting","twitter_card":"summary_large_image","twitter_misc":{"Gesch\u00e4tzte Lesezeit":"2\u00a0Minuten"},"schema":{"@context":"https:\/\/schema.org","@graph":[{"@type":"WebPage","@id":"https:\/\/aftermarket-consulting.com\/de\/impressum\/","url":"https:\/\/aftermarket-consulting.com\/de\/impressum\/","name":"Impressum - aftermarket consulting","isPartOf":{"@id":"https:\/\/aftermarket-consulting.com\/de\/#website"},"datePublished":"2021-04-16T22:00:16+00:00","breadcrumb":{"@id":"https:\/\/aftermarket-consulting.com\/de\/impressum\/#breadcrumb"},"inLanguage":"de","potentialAction":[{"@type":"ReadAction","target":["https:\/\/aftermarket-consulting.com\/de\/impressum\/"]}]},{"@type":"BreadcrumbList","@id":"https:\/\/aftermarket-consulting.com\/de\/impressum\/#breadcrumb","itemListElement":[{"@type":"ListItem","position":1,"name":"Startseite","item":"https:\/\/aftermarket-consulting.com\/de\/"},{"@type":"ListItem","position":2,"name":"Impressum"}]},{"@type":"WebSite","@id":"https:\/\/aftermarket-consulting.com\/de\/#website","url":"https:\/\/aftermarket-consulting.com\/de\/","name":"aftermarket consulting","description":"Kevin David","publisher":{"@id":"https:\/\/aftermarket-consulting.com\/de\/#organization"},"potentialAction":[{"@type":"SearchAction","target":{"@type":"EntryPoint","urlTemplate":"https:\/\/aftermarket-consulting.com\/de\/?s={search_term_string}"},"query-input":{"@type":"PropertyValueSpecification","valueRequired":true,"valueName":"search_term_string"}}],"inLanguage":"de"},{"@type":"Organization","@id":"https:\/\/aftermarket-consulting.com\/de\/#organization","name":"aftermarket consulting","url":"https:\/\/aftermarket-consulting.com\/de\/","logo":{"@type":"ImageObject","inLanguage":"de","@id":"https:\/\/aftermarket-consulting.com\/de\/#\/schema\/logo\/image\/","url":"https:\/\/aftermarket-consulting.com\/wp-content\/uploads\/sites\/18\/2020\/12\/ac-logo-white.svg","contentUrl":"https:\/\/aftermarket-consulting.com\/wp-content\/uploads\/sites\/18\/2020\/12\/ac-logo-white.svg","width":100,"height":100,"caption":"aftermarket consulting"},"image":{"@id":"https:\/\/aftermarket-consulting.com\/de\/#\/schema\/logo\/image\/"}}]}},"_links":{"self":[{"href":"https:\/\/aftermarket-consulting.com\/de\/wp-json\/wp\/v2\/pages\/448","targetHints":{"allow":["GET"]}}],"collection":[{"href":"https:\/\/aftermarket-consulting.com\/de\/wp-json\/wp\/v2\/pages"}],"about":[{"href":"https:\/\/aftermarket-consulting.com\/de\/wp-json\/wp\/v2\/types\/page"}],"author":[{"embeddable":true,"href":"https:\/\/aftermarket-consulting.com\/de\/wp-json\/wp\/v2\/users\/1"}],"replies":[{"embeddable":true,"href":"https:\/\/aftermarket-consulting.com\/de\/wp-json\/wp\/v2\/comments?post=448"}],"version-history":[{"count":3,"href":"https:\/\/aftermarket-consulting.com\/de\/wp-json\/wp\/v2\/pages\/448\/revisions"}],"predecessor-version":[{"id":451,"href":"https:\/\/aftermarket-consulting.com\/de\/wp-json\/wp\/v2\/pages\/448\/revisions\/451"}],"wp:attachment":[{"href":"https:\/\/aftermarket-consulting.com\/de\/wp-json\/wp\/v2\/media?parent=448"}],"curies":[{"name":"wp","href":"https:\/\/api.w.org\/{rel}","templated":true}]}}